{"id":699,"date":"2020-02-04T11:00:56","date_gmt":"2020-02-04T10:00:56","guid":{"rendered":"https:\/\/www.najfajnotky.sk\/?page_id=699"},"modified":"2025-06-03T16:36:06","modified_gmt":"2025-06-03T14:36:06","slug":"kontakt","status":"publish","type":"page","link":"https:\/\/www.fajnotky.sk\/vo\/kontakt\/","title":{"rendered":"Kontakt"},"content":{"rendered":"\n<section class=\"wp-block-uagb-columns uagb-columns__wrap uagb-columns__background-undefined uagb-columns__stack-mobile uagb-columns__valign-undefined uagb-columns__gap-10 alignundefined uagb-block-1bb255db\"><div class=\"uagb-columns__overlay\"><\/div><div class=\"uagb-columns__inner-wrap uagb-columns__columns-1\">\n<div class=\"wp-block-uagb-column uagb-column__wrap uagb-column__background-undefined uagb-block-69212af7\"><div class=\"uagb-column__overlay\"><\/div><div class=\"uagb-column__inner-wrap\">\n<p class=\"has-text-align-center has-normal-font-size\"><strong>FAJNOTKY s.r.o.<\/strong><br>Vodn\u00e1 2, 08006 Pre\u0161ov<br>I\u010cO: 52758532 \u2022 I\u010c DPH: SK2121138448<br><strong><a href=\"mailto:obchod@fajnotky.sk\">obchod@fajnotky.sk<\/a><\/strong><\/p>\n<\/div><\/div>\n<\/div><\/section>\n\n\n\n<div class=\"is-layout-flex wp-container-2 wp-block-columns\">\n<div class=\"is-layout-flow wp-block-column\" style=\"flex-basis:100%\">\n<section class=\"wp-block-uagb-columns uagb-columns__wrap uagb-columns__background-undefined uagb-columns__stack-mobile uagb-columns__valign-center uagb-columns__gap-0 alignundefined uagb-block-ee220cb3\"><div class=\"uagb-columns__overlay\"><\/div><div class=\"uagb-columns__inner-wrap uagb-columns__columns-3\">\n<div class=\"wp-block-uagb-column uagb-column__wrap uagb-column__background-undefined uagb-block-ae797b75\"><div class=\"uagb-column__overlay\"><\/div><div class=\"uagb-column__inner-wrap\">\n<p class=\"has-text-align-center\"><br><\/p>\n<\/div><\/div>\n\n\n\n<div class=\"wp-block-uagb-column uagb-column__wrap uagb-column__background-undefined uagb-block-2b006044\"><div class=\"uagb-column__overlay\"><\/div><div class=\"uagb-column__inner-wrap\">\n<p class=\"has-text-align-center\"><strong>Daniel VERE\u0160PEJ<\/strong><br>mana\u017e\u00e9r predaja<br><a href=\"tel:+421907927825\"><strong>0907 927 825<\/strong><\/a><\/p>\n<\/div><\/div>\n\n\n\n<div class=\"wp-block-uagb-column uagb-column__wrap uagb-column__background-undefined uagb-block-14460b4e\"><div class=\"uagb-column__overlay\"><\/div><div class=\"uagb-column__inner-wrap\"><\/div><\/div>\n<\/div><\/section>\n<\/div>\n<\/div>\n","protected":false},"excerpt":{"rendered":"","protected":false},"author":1,"featured_media":0,"parent":0,"menu_order":0,"comment_status":"closed","ping_status":"closed","template":"","meta":{"_monsterinsights_skip_tracking":false,"_monsterinsights_sitenote_active":false,"_monsterinsights_sitenote_note":"","_monsterinsights_sitenote_category":0},"yoast_head":"<!-- This site is optimized with the Yoast SEO plugin v20.0 - https:\/\/yoast.com\/wordpress\/plugins\/seo\/ -->\n<title>Kontakt | FAJNOTKY.sk<\/title>\n<meta name=\"robots\" content=\"index, follow, max-snippet:-1, max-image-preview:large, max-video-preview:-1\" \/>\n<link rel=\"canonical\" href=\"https:\/\/www.fajnotky.sk\/vo\/kontakt\/\" \/>\n<meta property=\"og:locale\" content=\"sk_SK\" \/>\n<meta property=\"og:type\" content=\"article\" \/>\n<meta property=\"og:title\" content=\"Kontakt | FAJNOTKY.sk\" \/>\n<meta property=\"og:url\" content=\"https:\/\/www.fajnotky.sk\/vo\/kontakt\/\" \/>\n<meta property=\"og:site_name\" content=\"FAJNOTKY.sk\" \/>\n<meta property=\"article:modified_time\" content=\"2025-06-03T14:36:06+00:00\" \/>\n<meta name=\"twitter:card\" content=\"summary_large_image\" \/>\n<meta name=\"twitter:label1\" content=\"Predpokladan\u00fd \u010das \u010d\u00edtania\" \/>\n\t<meta name=\"twitter:data1\" content=\"1 min\u00fata\" \/>\n<script type=\"application\/ld+json\" class=\"yoast-schema-graph\">{\"@context\":\"https:\/\/schema.org\",\"@graph\":[{\"@type\":\"WebPage\",\"@id\":\"https:\/\/www.fajnotky.sk\/vo\/kontakt\/\",\"url\":\"https:\/\/www.fajnotky.sk\/vo\/kontakt\/\",\"name\":\"Kontakt | FAJNOTKY.sk\",\"isPartOf\":{\"@id\":\"https:\/\/www.fajnotky.sk\/vo\/#website\"},\"datePublished\":\"2020-02-04T10:00:56+00:00\",\"dateModified\":\"2025-06-03T14:36:06+00:00\",\"breadcrumb\":{\"@id\":\"https:\/\/www.fajnotky.sk\/vo\/kontakt\/#breadcrumb\"},\"inLanguage\":\"sk-SK\",\"potentialAction\":[{\"@type\":\"ReadAction\",\"target\":[\"https:\/\/www.fajnotky.sk\/vo\/kontakt\/\"]}]},{\"@type\":\"BreadcrumbList\",\"@id\":\"https:\/\/www.fajnotky.sk\/vo\/kontakt\/#breadcrumb\",\"itemListElement\":[{\"@type\":\"ListItem\",\"position\":1,\"name\":\"Home\",\"item\":\"https:\/\/www.fajnotky.sk\/vo\/\"},{\"@type\":\"ListItem\",\"position\":2,\"name\":\"Kontakt\"}]},{\"@type\":\"WebSite\",\"@id\":\"https:\/\/www.fajnotky.sk\/vo\/#website\",\"url\":\"https:\/\/www.fajnotky.sk\/vo\/\",\"name\":\"najFAJNOTKY.sk\",\"description\":\"\",\"publisher\":{\"@id\":\"https:\/\/www.fajnotky.sk\/vo\/#organization\"},\"potentialAction\":[{\"@type\":\"SearchAction\",\"target\":{\"@type\":\"EntryPoint\",\"urlTemplate\":\"https:\/\/www.fajnotky.sk\/vo\/?s={search_term_string}\"},\"query-input\":\"required name=search_term_string\"}],\"inLanguage\":\"sk-SK\"},{\"@type\":\"Organization\",\"@id\":\"https:\/\/www.fajnotky.sk\/vo\/#organization\",\"name\":\"najFAJNOTKY.sk\",\"url\":\"https:\/\/www.fajnotky.sk\/vo\/\",\"logo\":{\"@type\":\"ImageObject\",\"inLanguage\":\"sk-SK\",\"@id\":\"https:\/\/www.fajnotky.sk\/vo\/#\/schema\/logo\/image\/\",\"url\":\"https:\/\/www.fajnotky.sk\/vo\/wp-content\/uploads\/2020\/01\/fajnotky_logo.png\",\"contentUrl\":\"https:\/\/www.fajnotky.sk\/vo\/wp-content\/uploads\/2020\/01\/fajnotky_logo.png\",\"width\":600,\"height\":200,\"caption\":\"najFAJNOTKY.sk\"},\"image\":{\"@id\":\"https:\/\/www.fajnotky.sk\/vo\/#\/schema\/logo\/image\/\"}}]}<\/script>\n<!-- \/ Yoast SEO plugin. -->","yoast_head_json":{"title":"Kontakt | FAJNOTKY.sk","robots":{"index":"index","follow":"follow","max-snippet":"max-snippet:-1","max-image-preview":"max-image-preview:large","max-video-preview":"max-video-preview:-1"},"canonical":"https:\/\/www.fajnotky.sk\/vo\/kontakt\/","og_locale":"sk_SK","og_type":"article","og_title":"Kontakt | FAJNOTKY.sk","og_url":"https:\/\/www.fajnotky.sk\/vo\/kontakt\/","og_site_name":"FAJNOTKY.sk","article_modified_time":"2025-06-03T14:36:06+00:00","twitter_card":"summary_large_image","twitter_misc":{"Predpokladan\u00fd \u010das \u010d\u00edtania":"1 min\u00fata"},"schema":{"@context":"https:\/\/schema.org","@graph":[{"@type":"WebPage","@id":"https:\/\/www.fajnotky.sk\/vo\/kontakt\/","url":"https:\/\/www.fajnotky.sk\/vo\/kontakt\/","name":"Kontakt | FAJNOTKY.sk","isPartOf":{"@id":"https:\/\/www.fajnotky.sk\/vo\/#website"},"datePublished":"2020-02-04T10:00:56+00:00","dateModified":"2025-06-03T14:36:06+00:00","breadcrumb":{"@id":"https:\/\/www.fajnotky.sk\/vo\/kontakt\/#breadcrumb"},"inLanguage":"sk-SK","potentialAction":[{"@type":"ReadAction","target":["https:\/\/www.fajnotky.sk\/vo\/kontakt\/"]}]},{"@type":"BreadcrumbList","@id":"https:\/\/www.fajnotky.sk\/vo\/kontakt\/#breadcrumb","itemListElement":[{"@type":"ListItem","position":1,"name":"Home","item":"https:\/\/www.fajnotky.sk\/vo\/"},{"@type":"ListItem","position":2,"name":"Kontakt"}]},{"@type":"WebSite","@id":"https:\/\/www.fajnotky.sk\/vo\/#website","url":"https:\/\/www.fajnotky.sk\/vo\/","name":"najFAJNOTKY.sk","description":"","publisher":{"@id":"https:\/\/www.fajnotky.sk\/vo\/#organization"},"potentialAction":[{"@type":"SearchAction","target":{"@type":"EntryPoint","urlTemplate":"https:\/\/www.fajnotky.sk\/vo\/?s={search_term_string}"},"query-input":"required name=search_term_string"}],"inLanguage":"sk-SK"},{"@type":"Organization","@id":"https:\/\/www.fajnotky.sk\/vo\/#organization","name":"najFAJNOTKY.sk","url":"https:\/\/www.fajnotky.sk\/vo\/","logo":{"@type":"ImageObject","inLanguage":"sk-SK","@id":"https:\/\/www.fajnotky.sk\/vo\/#\/schema\/logo\/image\/","url":"https:\/\/www.fajnotky.sk\/vo\/wp-content\/uploads\/2020\/01\/fajnotky_logo.png","contentUrl":"https:\/\/www.fajnotky.sk\/vo\/wp-content\/uploads\/2020\/01\/fajnotky_logo.png","width":600,"height":200,"caption":"najFAJNOTKY.sk"},"image":{"@id":"https:\/\/www.fajnotky.sk\/vo\/#\/schema\/logo\/image\/"}}]}},"uagb_featured_image_src":{"full":false,"thumbnail":false,"medium":false,"medium_large":false,"large":false,"1536x1536":false,"2048x2048":false,"woocommerce_thumbnail":false,"woocommerce_single":false,"woocommerce_gallery_thumbnail":false},"uagb_author_info":{"display_name":"Fajnotky99","author_link":"https:\/\/www.fajnotky.sk\/vo\/author\/fajnotky99\/"},"uagb_comment_info":0,"uagb_excerpt":null,"_links":{"self":[{"href":"https:\/\/www.fajnotky.sk\/vo\/wp-json\/wp\/v2\/pages\/699"}],"collection":[{"href":"https:\/\/www.fajnotky.sk\/vo\/wp-json\/wp\/v2\/pages"}],"about":[{"href":"https:\/\/www.fajnotky.sk\/vo\/wp-json\/wp\/v2\/types\/page"}],"author":[{"embeddable":true,"href":"https:\/\/www.fajnotky.sk\/vo\/wp-json\/wp\/v2\/users\/1"}],"replies":[{"embeddable":true,"href":"https:\/\/www.fajnotky.sk\/vo\/wp-json\/wp\/v2\/comments?post=699"}],"version-history":[{"count":3,"href":"https:\/\/www.fajnotky.sk\/vo\/wp-json\/wp\/v2\/pages\/699\/revisions"}],"predecessor-version":[{"id":8010,"href":"https:\/\/www.fajnotky.sk\/vo\/wp-json\/wp\/v2\/pages\/699\/revisions\/8010"}],"wp:attachment":[{"href":"https:\/\/www.fajnotky.sk\/vo\/wp-json\/wp\/v2\/media?parent=699"}],"curies":[{"name":"wp","href":"https:\/\/api.w.org\/{rel}","templated":true}]}}